{"id":368,"date":"2025-04-20T18:07:36","date_gmt":"2025-04-20T16:07:36","guid":{"rendered":"https:\/\/mypitchacademy.com\/index.php\/space-hub-about-page\/"},"modified":"2026-03-04T07:35:15","modified_gmt":"2026-03-04T06:35:15","slug":"crm","status":"publish","type":"page","link":"https:\/\/mypitchacademy.com\/index.php\/crm\/","title":{"rendered":"Offre CRM"},"content":{"rendered":"\t\t<div data-elementor-type=\"wp-page\" data-elementor-id=\"368\" class=\"elementor elementor-368\">\n\t\t\t\t\t\t<section class=\"elementor-section elementor-top-section elementor-element elementor-element-3ad1ae1 elementor-section-height-min-height elementor-section-boxed elementor-section-height-default elementor-section-items-middle\" data-id=\"3ad1ae1\" data-element_type=\"section\" data-settings=\"{&quot;background_background&quot;:&quot;classic&quot;}\">\n\t\t\t\t\t\t\t<div class=\"elementor-background-overlay\"><\/div>\n\t\t\t\t\t\t\t<div class=\"elementor-container elementor-column-gap-default\">\n\t\t\t\t\t<div class=\"elementor-column elementor-col-100 elementor-top-column elementor-element elementor-element-f3d8774\" data-id=\"f3d8774\" data-element_type=\"column\">\n\t\t\t<div class=\"elementor-widget-wrap elementor-element-populated\">\n\t\t\t\t\t\t<section class=\"elementor-section elementor-inner-section elementor-element elementor-element-9102494 elementor-section-boxed elementor-section-height-default elementor-section-height-default\" data-id=\"9102494\" data-element_type=\"section\">\n\t\t\t\t\t\t<div class=\"elementor-container elementor-column-gap-default\">\n\t\t\t\t\t<div class=\"elementor-column elementor-col-100 elementor-inner-column elementor-element elementor-element-de3469f\" data-id=\"de3469f\" data-element_type=\"column\">\n\t\t\t<div class=\"elementor-widget-wrap elementor-element-populated\">\n\t\t\t\t\t\t<div class=\"elementor-element elementor-element-63f7cee elementor-invisible elementor-widget elementor-widget-heading\" data-id=\"63f7cee\" data-element_type=\"widget\" data-settings=\"{&quot;_animation&quot;:&quot;fadeInUp&quot;}\" data-widget_type=\"heading.default\">\n\t\t\t\t<div class=\"elementor-widget-container\">\n\t\t\t\t\t<h2 class=\"elementor-heading-title elementor-size-default\">Int\u00e9gration CRM &amp; ERP Structurer votre performance commerciale<\/h2>\t\t\t\t<\/div>\n\t\t\t\t<\/div>\n\t\t\t\t<div class=\"elementor-element elementor-element-add9936 elementor-invisible elementor-widget elementor-widget-heading\" data-id=\"add9936\" data-element_type=\"widget\" data-settings=\"{&quot;_animation&quot;:&quot;fadeInUp&quot;}\" data-widget_type=\"heading.default\">\n\t\t\t\t<div class=\"elementor-widget-container\">\n\t\t\t\t\t<p class=\"elementor-heading-title elementor-size-default\">Un CRM ou un ERP bien impl\u00e9ment\u00e9 ne sert pas simplement \u00e0 stocker des contacts. Il structure votre croissance, s\u00e9curise votre chiffre d\u2019affaires et professionnalise votre organisation commerciale.<\/p>\t\t\t\t<\/div>\n\t\t\t\t<\/div>\n\t\t\t\t\t<\/div>\n\t\t<\/div>\n\t\t\t\t\t<\/div>\n\t\t<\/section>\n\t\t\t\t\t<\/div>\n\t\t<\/div>\n\t\t\t\t\t<\/div>\n\t\t<\/section>\n\t\t\t\t<section class=\"elementor-section elementor-top-section elementor-element elementor-element-363134f elementor-section-content-middle elementor-section-boxed elementor-section-height-default elementor-section-height-default\" data-id=\"363134f\" data-element_type=\"section\" data-settings=\"{&quot;background_background&quot;:&quot;classic&quot;}\">\n\t\t\t\t\t\t<div class=\"elementor-container elementor-column-gap-default\">\n\t\t\t\t\t<div class=\"elementor-column elementor-col-100 elementor-top-column elementor-element elementor-element-65dc6fe\" data-id=\"65dc6fe\" data-element_type=\"column\">\n\t\t\t<div class=\"elementor-widget-wrap elementor-element-populated\">\n\t\t\t\t\t\t<section class=\"elementor-section elementor-inner-section elementor-element elementor-element-1ae399c elementor-section-boxed elementor-section-height-default elementor-section-height-default\" data-id=\"1ae399c\" data-element_type=\"section\">\n\t\t\t\t\t\t<div class=\"elementor-container elementor-column-gap-default\">\n\t\t\t\t\t<div class=\"elementor-column elementor-col-100 elementor-inner-column elementor-element elementor-element-15b6b52\" data-id=\"15b6b52\" data-element_type=\"column\">\n\t\t\t<div class=\"elementor-widget-wrap elementor-element-populated\">\n\t\t\t\t\t\t<div class=\"elementor-element elementor-element-a00e4b5 elementor-invisible elementor-widget elementor-widget-heading\" data-id=\"a00e4b5\" data-element_type=\"widget\" data-settings=\"{&quot;_animation&quot;:&quot;fadeInUp&quot;}\" data-widget_type=\"heading.default\">\n\t\t\t\t<div class=\"elementor-widget-container\">\n\t\t\t\t\t<h2 class=\"elementor-heading-title elementor-size-default\">Notre Mission<\/h2>\t\t\t\t<\/div>\n\t\t\t\t<\/div>\n\t\t\t\t<div class=\"elementor-element elementor-element-c32ccce elementor-invisible elementor-widget elementor-widget-heading\" data-id=\"c32ccce\" data-element_type=\"widget\" data-settings=\"{&quot;_animation&quot;:&quot;fadeInUp&quot;}\" data-widget_type=\"heading.default\">\n\t\t\t\t<div class=\"elementor-widget-container\">\n\t\t\t\t\t<p class=\"elementor-heading-title elementor-size-default\">Vous mettre en place en deux mois maximum un syst\u00e8me complet, configur\u00e9 sur mesure selon votre cycle de vente r\u00e9el, afin que vos \u00e9quipes puissent l\u2019exploiter imm\u00e9diatement et de mani\u00e8re optimale.<\/p>\t\t\t\t<\/div>\n\t\t\t\t<\/div>\n\t\t\t\t\t<\/div>\n\t\t<\/div>\n\t\t\t\t\t<\/div>\n\t\t<\/section>\n\t\t\t\t<section class=\"elementor-section elementor-inner-section elementor-element elementor-element-de59e37 elementor-section-content-middle elementor-section-boxed elementor-section-height-default elementor-section-height-default\" data-id=\"de59e37\" data-element_type=\"section\">\n\t\t\t\t\t\t<div class=\"elementor-container elementor-column-gap-default\">\n\t\t\t\t\t<div class=\"elementor-column elementor-col-50 elementor-inner-column elementor-element elementor-element-7b7da6c\" data-id=\"7b7da6c\" data-element_type=\"column\">\n\t\t\t<div class=\"elementor-widget-wrap elementor-element-populated\">\n\t\t\t\t\t\t<div class=\"elementor-element elementor-element-923f374 elementor-invisible elementor-widget elementor-widget-image\" data-id=\"923f374\" data-element_type=\"widget\" data-settings=\"{&quot;_animation&quot;:&quot;fadeInLeft&quot;}\" data-widget_type=\"image.default\">\n\t\t\t\t<div class=\"elementor-widget-container\">\n\t\t\t\t\t\t\t\t\t\t\t\t\t\t\t<img fetchpriority=\"high\" decoding=\"async\" width=\"2560\" height=\"1440\" src=\"https:\/\/mypitchacademy.com\/wp-content\/uploads\/2026\/02\/hubspot-scaled.png\" class=\"attachment-full size-full wp-image-669\" alt=\"\" srcset=\"https:\/\/mypitchacademy.com\/wp-content\/uploads\/2026\/02\/hubspot-scaled.png 2560w, https:\/\/mypitchacademy.com\/wp-content\/uploads\/2026\/02\/hubspot-300x169.webp 300w, https:\/\/mypitchacademy.com\/wp-content\/uploads\/2026\/02\/hubspot-1024x576.webp 1024w, https:\/\/mypitchacademy.com\/wp-content\/uploads\/2026\/02\/hubspot-768x432.webp 768w, https:\/\/mypitchacademy.com\/wp-content\/uploads\/2026\/02\/hubspot-1536x864.webp 1536w, https:\/\/mypitchacademy.com\/wp-content\/uploads\/2026\/02\/hubspot-2048x1152.png 2048w\" sizes=\"(max-width: 2560px) 100vw, 2560px\" \/>\t\t\t\t\t\t\t\t\t\t\t\t\t\t\t<\/div>\n\t\t\t\t<\/div>\n\t\t\t\t\t<\/div>\n\t\t<\/div>\n\t\t\t\t<div class=\"elementor-column elementor-col-50 elementor-inner-column elementor-element elementor-element-4d8e3fd elementor-invisible\" data-id=\"4d8e3fd\" data-element_type=\"column\" data-settings=\"{&quot;animation&quot;:&quot;fadeInRight&quot;}\">\n\t\t\t<div class=\"elementor-widget-wrap elementor-element-populated\">\n\t\t\t\t\t\t<div class=\"elementor-element elementor-element-a66daeb elementor-invisible elementor-widget elementor-widget-heading\" data-id=\"a66daeb\" data-element_type=\"widget\" data-settings=\"{&quot;_animation&quot;:&quot;fadeInUp&quot;}\" data-widget_type=\"heading.default\">\n\t\t\t\t<div class=\"elementor-widget-container\">\n\t\t\t\t\t<h2 class=\"elementor-heading-title elementor-size-default\">des Objectifs clairs <\/h2>\t\t\t\t<\/div>\n\t\t\t\t<\/div>\n\t\t\t\t<div class=\"elementor-element elementor-element-d0aa735 elementor-invisible elementor-widget elementor-widget-heading\" data-id=\"d0aa735\" data-element_type=\"widget\" data-settings=\"{&quot;_animation&quot;:&quot;fadeInUp&quot;}\" data-widget_type=\"heading.default\">\n\t\t\t\t<div class=\"elementor-widget-container\">\n\t\t\t\t\t<p class=\"elementor-heading-title elementor-size-default\">- Des pipelines de vente structur\u00e9s<br>- Une gestion claire des opportunit\u00e9s (deals)<br>- Des s\u00e9quences mailling de relance automatis\u00e9es<br>- Des tableaux de bord de pilotage<br>-L\u2019int\u00e9gration de tous vos canaux commerciaux<br><br>L\u2019approche s\u2019applique sur de solutions comme HubSpot, Pipedrive, Brevo, Dolibarr o\u00f9 la gestion des deals, des s\u00e9quences et du marketing automation est pens\u00e9e pour acc\u00e9l\u00e9rer les cycles de vente.<\/p>\t\t\t\t<\/div>\n\t\t\t\t<\/div>\n\t\t\t\t\t<\/div>\n\t\t<\/div>\n\t\t\t\t\t<\/div>\n\t\t<\/section>\n\t\t\t\t<section class=\"elementor-section elementor-inner-section elementor-element elementor-element-c609576 elementor-section-content-middle elementor-reverse-mobile elementor-section-boxed elementor-section-height-default elementor-section-height-default\" data-id=\"c609576\" data-element_type=\"section\">\n\t\t\t\t\t\t<div class=\"elementor-container elementor-column-gap-default\">\n\t\t\t\t\t<div class=\"elementor-column elementor-col-50 elementor-inner-column elementor-element elementor-element-6817dd4 elementor-invisible\" data-id=\"6817dd4\" data-element_type=\"column\" data-settings=\"{&quot;animation&quot;:&quot;fadeInLeft&quot;}\">\n\t\t\t<div class=\"elementor-widget-wrap elementor-element-populated\">\n\t\t\t\t\t\t<div class=\"elementor-element elementor-element-7fe15eb elementor-invisible elementor-widget elementor-widget-heading\" data-id=\"7fe15eb\" data-element_type=\"widget\" data-settings=\"{&quot;_animation&quot;:&quot;fadeInUp&quot;}\" data-widget_type=\"heading.default\">\n\t\t\t\t<div class=\"elementor-widget-container\">\n\t\t\t\t\t<h2 class=\"elementor-heading-title elementor-size-default\">2 mois - 4 etapes <\/h2>\t\t\t\t<\/div>\n\t\t\t\t<\/div>\n\t\t\t\t<div class=\"elementor-element elementor-element-c3f787a elementor-invisible elementor-widget elementor-widget-heading\" data-id=\"c3f787a\" data-element_type=\"widget\" data-settings=\"{&quot;_animation&quot;:&quot;fadeInUp&quot;}\" data-widget_type=\"heading.default\">\n\t\t\t\t<div class=\"elementor-widget-container\">\n\t\t\t\t\t<p class=\"elementor-heading-title elementor-size-default\">Sur deux mois, la mission s\u2019organise en quatre \u00e9tapes claires.<br><br>Nous commen\u00e7ons par analyser votre processus commercial pour structurer un pipeline pr\u00e9cis, de la prospection au suivi client. Les \u00e9tapes, les indicateurs cl\u00e9s et les responsabilit\u00e9s sont d\u00e9finis afin d\u2019obtenir un tunnel de vente mesurable et duplicable.<br><br>Nous proc\u00e9dons ensuite \u00e0 l\u2019installation et \u00e0 la configuration compl\u00e8te du CRM ou de l\u2019ERP : param\u00e9trage des pipelines, cr\u00e9ation des champs personnalis\u00e9s, automatisations, s\u00e9quences commerciales et tableaux de bord de pilotage. Vous disposez d\u2019un syst\u00e8me pr\u00eat \u00e0 l\u2019usage, align\u00e9 avec votre mod\u00e8le \u00e9conomique.<br><br>\nNous centralisons ensuite l\u2019ensemble de vos canaux et outils (emails, t\u00e9l\u00e9phonie, formulaires, marketing, facturation, applications tierces) afin d\u2019unifier la gestion des opportunit\u00e9s et des interactions.<br><br>Enfin, nous formons vos \u00e9quipes et mettons en place une m\u00e9thode de pilotage commerciale claire. Votre CRM devient un outil strat\u00e9gique de performance et de croissance.<\/p>\t\t\t\t<\/div>\n\t\t\t\t<\/div>\n\t\t\t\t\t<\/div>\n\t\t<\/div>\n\t\t\t\t<div class=\"elementor-column elementor-col-50 elementor-inner-column elementor-element elementor-element-866e880 elementor-invisible\" data-id=\"866e880\" data-element_type=\"column\" data-settings=\"{&quot;animation&quot;:&quot;fadeInRight&quot;}\">\n\t\t\t<div class=\"elementor-widget-wrap elementor-element-populated\">\n\t\t\t\t\t\t<div class=\"elementor-element elementor-element-4b71981 elementor-widget elementor-widget-image\" data-id=\"4b71981\" data-element_type=\"widget\" data-widget_type=\"image.default\">\n\t\t\t\t<div class=\"elementor-widget-container\">\n\t\t\t\t\t\t\t\t\t\t\t\t\t\t\t<img decoding=\"async\" width=\"650\" height=\"700\" src=\"https:\/\/mypitchacademy.com\/wp-content\/uploads\/2025\/04\/273a6e11-our-mission-image-2.jpg\" class=\"attachment-full size-full wp-image-370\" alt=\"\" srcset=\"https:\/\/mypitchacademy.com\/wp-content\/uploads\/2025\/04\/273a6e11-our-mission-image-2.jpg 650w, https:\/\/mypitchacademy.com\/wp-content\/uploads\/2025\/04\/273a6e11-our-mission-image-2-279x300.jpg 279w\" sizes=\"(max-width: 650px) 100vw, 650px\" \/>\t\t\t\t\t\t\t\t\t\t\t\t\t\t\t<\/div>\n\t\t\t\t<\/div>\n\t\t\t\t\t<\/div>\n\t\t<\/div>\n\t\t\t\t\t<\/div>\n\t\t<\/section>\n\t\t\t\t<div class=\"elementor-element elementor-element-052a527 elementor-widget-divider--view-line elementor-widget elementor-widget-divider\" data-id=\"052a527\" data-element_type=\"widget\" data-widget_type=\"divider.default\">\n\t\t\t\t<div class=\"elementor-widget-container\">\n\t\t\t\t\t\t\t<div class=\"elementor-divider\">\n\t\t\t<span class=\"elementor-divider-separator\">\n\t\t\t\t\t\t<\/span>\n\t\t<\/div>\n\t\t\t\t\t\t<\/div>\n\t\t\t\t<\/div>\n\t\t\t\t<div class=\"elementor-element elementor-element-7cfcddb elementor-invisible elementor-widget elementor-widget-heading\" data-id=\"7cfcddb\" data-element_type=\"widget\" data-settings=\"{&quot;_animation&quot;:&quot;fadeInUp&quot;}\" data-widget_type=\"heading.default\">\n\t\t\t\t<div class=\"elementor-widget-container\">\n\t\t\t\t\t<h2 class=\"elementor-heading-title elementor-size-default\">EN CE MOMENT 699\u20ac aU LIEU DE 999\u20ac<\/h2>\t\t\t\t<\/div>\n\t\t\t\t<\/div>\n\t\t\t\t<div class=\"elementor-element elementor-element-db56b16 elementor-align-center elementor-widget elementor-widget-button\" data-id=\"db56b16\" data-element_type=\"widget\" data-widget_type=\"button.default\">\n\t\t\t\t<div class=\"elementor-widget-container\">\n\t\t\t\t\t\t\t\t\t<div class=\"elementor-button-wrapper\">\n\t\t\t\t\t<a class=\"elementor-button elementor-button-link elementor-size-sm\" href=\"https:\/\/buy.stripe.com\/8x23cv4f6fclgcEgkHgjC08\">\n\t\t\t\t\t\t<span class=\"elementor-button-content-wrapper\">\n\t\t\t\t\t\t\t\t\t<span class=\"elementor-button-text\">CHOISIR CETTE OFFRE<\/span>\n\t\t\t\t\t<\/span>\n\t\t\t\t\t<\/a>\n\t\t\t\t<\/div>\n\t\t\t\t\t\t\t\t<\/div>\n\t\t\t\t<\/div>\n\t\t\t\t<div class=\"elementor-element elementor-element-a21fd57 elementor-widget-divider--view-line elementor-widget elementor-widget-divider\" data-id=\"a21fd57\" data-element_type=\"widget\" data-widget_type=\"divider.default\">\n\t\t\t\t<div class=\"elementor-widget-container\">\n\t\t\t\t\t\t\t<div class=\"elementor-divider\">\n\t\t\t<span class=\"elementor-divider-separator\">\n\t\t\t\t\t\t<\/span>\n\t\t<\/div>\n\t\t\t\t\t\t<\/div>\n\t\t\t\t<\/div>\n\t\t\t\t<section class=\"elementor-section elementor-inner-section elementor-element elementor-element-e52ba0f elementor-section-content-middle elementor-section-boxed elementor-section-height-default elementor-section-height-default\" data-id=\"e52ba0f\" data-element_type=\"section\">\n\t\t\t\t\t\t<div class=\"elementor-container elementor-column-gap-default\">\n\t\t\t\t\t<div class=\"elementor-column elementor-col-50 elementor-inner-column elementor-element elementor-element-b715603\" data-id=\"b715603\" data-element_type=\"column\">\n\t\t\t<div class=\"elementor-widget-wrap elementor-element-populated\">\n\t\t\t\t\t\t<div class=\"elementor-element elementor-element-7ce9a75 elementor-invisible elementor-widget elementor-widget-image\" data-id=\"7ce9a75\" data-element_type=\"widget\" data-settings=\"{&quot;_animation&quot;:&quot;fadeInLeft&quot;}\" data-widget_type=\"image.default\">\n\t\t\t\t<div class=\"elementor-widget-container\">\n\t\t\t\t\t\t\t\t\t\t\t\t\t\t\t<img decoding=\"async\" width=\"2560\" height=\"1440\" src=\"https:\/\/mypitchacademy.com\/wp-content\/uploads\/2026\/02\/Dynamics-365-logo-scaled.png\" class=\"attachment-full size-full wp-image-677\" alt=\"\" srcset=\"https:\/\/mypitchacademy.com\/wp-content\/uploads\/2026\/02\/Dynamics-365-logo-scaled.png 2560w, https:\/\/mypitchacademy.com\/wp-content\/uploads\/2026\/02\/Dynamics-365-logo-300x169.webp 300w, https:\/\/mypitchacademy.com\/wp-content\/uploads\/2026\/02\/Dynamics-365-logo-1024x576.webp 1024w, https:\/\/mypitchacademy.com\/wp-content\/uploads\/2026\/02\/Dynamics-365-logo-768x432.webp 768w, https:\/\/mypitchacademy.com\/wp-content\/uploads\/2026\/02\/Dynamics-365-logo-1536x864.webp 1536w, https:\/\/mypitchacademy.com\/wp-content\/uploads\/2026\/02\/Dynamics-365-logo-2048x1152.png 2048w\" sizes=\"(max-width: 2560px) 100vw, 2560px\" \/>\t\t\t\t\t\t\t\t\t\t\t\t\t\t\t<\/div>\n\t\t\t\t<\/div>\n\t\t\t\t\t<\/div>\n\t\t<\/div>\n\t\t\t\t<div class=\"elementor-column elementor-col-50 elementor-inner-column elementor-element elementor-element-5f03b6d elementor-invisible\" data-id=\"5f03b6d\" data-element_type=\"column\" data-settings=\"{&quot;animation&quot;:&quot;fadeInRight&quot;}\">\n\t\t\t<div class=\"elementor-widget-wrap elementor-element-populated\">\n\t\t\t\t\t\t<div class=\"elementor-element elementor-element-206e2c7 elementor-invisible elementor-widget elementor-widget-heading\" data-id=\"206e2c7\" data-element_type=\"widget\" data-settings=\"{&quot;_animation&quot;:&quot;fadeInUp&quot;}\" data-widget_type=\"heading.default\">\n\t\t\t\t<div class=\"elementor-widget-container\">\n\t\t\t\t\t<h2 class=\"elementor-heading-title elementor-size-default\">Impl\u00e9mentation ERP-CRM<\/h2>\t\t\t\t<\/div>\n\t\t\t\t<\/div>\n\t\t\t\t<div class=\"elementor-element elementor-element-925084d elementor-invisible elementor-widget elementor-widget-heading\" data-id=\"925084d\" data-element_type=\"widget\" data-settings=\"{&quot;_animation&quot;:&quot;fadeInUp&quot;}\" data-widget_type=\"heading.default\">\n\t\t\t\t<div class=\"elementor-widget-container\">\n\t\t\t\t\t<p class=\"elementor-heading-title elementor-size-default\">Projets ERP et CRM Enterprise\nPour les environnements plus complexes et structurants, nous intervenons sur des solutions telles que Microsoft Dynamics 365 (CRM et ERP Finance &amp; Operations), SAP et Salesforce.<br><br>\nNous mettons \u00e0 disposition des consultants fonctionnels, consultants techniques et chefs de projet exp\u00e9riment\u00e9s, capables d\u2019intervenir sur des missions de cadrage, de param\u00e9trage avanc\u00e9, de d\u00e9veloppements sp\u00e9cifiques, de migration de donn\u00e9es, d\u2019interfa\u00e7age complexe et de d\u00e9ploiement multi-\u00e9quipes.<br><br>\nLes interventions se font en r\u00e9gie, avec facturation au TJM, selon vos besoins et la maturit\u00e9 de votre projet.<br><br>\nPour mobiliser des experts sur D365 CRM, ERP Finance &amp; Operations, SAP ou Salesforce, contactez-nous par email afin d\u2019\u00e9changer sur votre besoin et planifier la mise \u00e0 disposition des ressources adapt\u00e9es.<\/p>\t\t\t\t<\/div>\n\t\t\t\t<\/div>\n\t\t\t\t\t<\/div>\n\t\t<\/div>\n\t\t\t\t\t<\/div>\n\t\t<\/section>\n\t\t\t\t\t<\/div>\n\t\t<\/div>\n\t\t\t\t\t<\/div>\n\t\t<\/section>\n\t\t\t\t<section class=\"elementor-section elementor-top-section elementor-element elementor-element-fe3ca66 elementor-section-height-min-height elementor-section-content-middle elementor-section-boxed elementor-section-height-default elementor-section-items-middle\" data-id=\"fe3ca66\" data-element_type=\"section\" data-settings=\"{&quot;background_background&quot;:&quot;classic&quot;}\">\n\t\t\t\t\t\t\t<div class=\"elementor-background-overlay\"><\/div>\n\t\t\t\t\t\t\t<div class=\"elementor-container elementor-column-gap-default\">\n\t\t\t\t\t<div class=\"elementor-column elementor-col-100 elementor-top-column elementor-element elementor-element-3e52a0a\" data-id=\"3e52a0a\" data-element_type=\"column\">\n\t\t\t<div class=\"elementor-widget-wrap elementor-element-populated\">\n\t\t\t\t\t\t<section class=\"elementor-section elementor-inner-section elementor-element elementor-element-b5c0510 elementor-section-boxed elementor-section-height-default elementor-section-height-default\" data-id=\"b5c0510\" data-element_type=\"section\">\n\t\t\t\t\t\t<div class=\"elementor-container elementor-column-gap-no\">\n\t\t\t\t\t<div class=\"elementor-column elementor-col-100 elementor-inner-column elementor-element elementor-element-aa77c27\" data-id=\"aa77c27\" data-element_type=\"column\">\n\t\t\t<div class=\"elementor-widget-wrap elementor-element-populated\">\n\t\t\t\t\t\t<div class=\"elementor-element elementor-element-3b88de6 elementor-align-center elementor-widget elementor-widget-button\" data-id=\"3b88de6\" data-element_type=\"widget\" data-widget_type=\"button.default\">\n\t\t\t\t<div class=\"elementor-widget-container\">\n\t\t\t\t\t\t\t\t\t<div class=\"elementor-button-wrapper\">\n\t\t\t\t\t<a class=\"elementor-button elementor-button-link elementor-size-md\" href=\"mailto:mypitchacademy.com\">\n\t\t\t\t\t\t<span class=\"elementor-button-content-wrapper\">\n\t\t\t\t\t\t\t\t\t<span class=\"elementor-button-text\">CONTACTEZ-NOUS<\/span>\n\t\t\t\t\t<\/span>\n\t\t\t\t\t<\/a>\n\t\t\t\t<\/div>\n\t\t\t\t\t\t\t\t<\/div>\n\t\t\t\t<\/div>\n\t\t\t\t\t<\/div>\n\t\t<\/div>\n\t\t\t\t\t<\/div>\n\t\t<\/section>\n\t\t\t\t\t<\/div>\n\t\t<\/div>\n\t\t\t\t\t<\/div>\n\t\t<\/section>\n\t\t<div class=\"elementor-element elementor-element-d5a18f0 e-flex e-con-boxed e-con e-parent\" data-id=\"d5a18f0\" data-element_type=\"container\">\n\t\t\t\t\t<div class=\"e-con-inner\">\n\t\t\t\t\t<\/div>\n\t\t\t\t<\/div>\n\t\t\t\t<\/div>\n\t\t","protected":false},"excerpt":{"rendered":"<p>Int\u00e9gration CRM &amp; ERP Structurer votre performance commerciale Un CRM ou un ERP bien impl\u00e9ment\u00e9 ne sert pas simplement \u00e0 stocker des contacts. Il structure votre croissance, s\u00e9curise votre chiffre d\u2019affaires et professionnalise votre organisation commerciale. Notre Mission Vous mettre en place en deux mois maximum un syst\u00e8me complet, configur\u00e9 sur mesure selon votre cycle [&hellip;]<\/p>\n","protected":false},"author":1,"featured_media":0,"parent":0,"menu_order":0,"comment_status":"closed","ping_status":"closed","template":"elementor_header_footer","meta":{"_eb_attr":"","_monsterinsights_skip_tracking":false,"_monsterinsights_sitenote_active":false,"_monsterinsights_sitenote_note":"","_monsterinsights_sitenote_category":0,"_uf_show_specific_survey":0,"_uf_disable_surveys":false,"footnotes":""},"class_list":["post-368","page","type-page","status-publish","hentry"],"aioseo_notices":[],"_links":{"self":[{"href":"https:\/\/mypitchacademy.com\/index.php\/wp-json\/wp\/v2\/pages\/368","targetHints":{"allow":["GET"]}}],"collection":[{"href":"https:\/\/mypitchacademy.com\/index.php\/wp-json\/wp\/v2\/pages"}],"about":[{"href":"https:\/\/mypitchacademy.com\/index.php\/wp-json\/wp\/v2\/types\/page"}],"author":[{"embeddable":true,"href":"https:\/\/mypitchacademy.com\/index.php\/wp-json\/wp\/v2\/users\/1"}],"replies":[{"embeddable":true,"href":"https:\/\/mypitchacademy.com\/index.php\/wp-json\/wp\/v2\/comments?post=368"}],"version-history":[{"count":19,"href":"https:\/\/mypitchacademy.com\/index.php\/wp-json\/wp\/v2\/pages\/368\/revisions"}],"predecessor-version":[{"id":764,"href":"https:\/\/mypitchacademy.com\/index.php\/wp-json\/wp\/v2\/pages\/368\/revisions\/764"}],"wp:attachment":[{"href":"https:\/\/mypitchacademy.com\/index.php\/wp-json\/wp\/v2\/media?parent=368"}],"curies":[{"name":"wp","href":"https:\/\/api.w.org\/{rel}","templated":true}]}}