{"id":686,"date":"2026-03-04T07:29:29","date_gmt":"2026-03-04T06:29:29","guid":{"rendered":"https:\/\/mypitchacademy.com\/?page_id=686"},"modified":"2026-04-15T00:12:38","modified_gmt":"2026-04-14T22:12:38","slug":"de0a1","status":"publish","type":"page","link":"https:\/\/mypitchacademy.com\/index.php\/de0a1\/","title":{"rendered":"Offre de 0 \u00e0 1"},"content":{"rendered":"\t\t<div data-elementor-type=\"wp-page\" data-elementor-id=\"686\" class=\"elementor elementor-686\">\n\t\t\t\t\t\t<section class=\"elementor-section elementor-top-section elementor-element elementor-element-3ad1ae1 elementor-section-height-min-height elementor-section-boxed elementor-section-height-default elementor-section-items-middle\" data-id=\"3ad1ae1\" data-element_type=\"section\" data-settings=\"{&quot;background_background&quot;:&quot;classic&quot;}\">\n\t\t\t\t\t\t\t<div class=\"elementor-background-overlay\"><\/div>\n\t\t\t\t\t\t\t<div class=\"elementor-container elementor-column-gap-default\">\n\t\t\t\t\t<div class=\"elementor-column elementor-col-100 elementor-top-column elementor-element elementor-element-f3d8774\" data-id=\"f3d8774\" data-element_type=\"column\">\n\t\t\t<div class=\"elementor-widget-wrap elementor-element-populated\">\n\t\t\t\t\t\t<section class=\"elementor-section elementor-inner-section elementor-element elementor-element-9102494 elementor-section-boxed elementor-section-height-default elementor-section-height-default\" data-id=\"9102494\" data-element_type=\"section\">\n\t\t\t\t\t\t<div class=\"elementor-container elementor-column-gap-default\">\n\t\t\t\t\t<div class=\"elementor-column elementor-col-100 elementor-inner-column elementor-element elementor-element-de3469f\" data-id=\"de3469f\" data-element_type=\"column\">\n\t\t\t<div class=\"elementor-widget-wrap elementor-element-populated\">\n\t\t\t\t\t\t<div class=\"elementor-element elementor-element-63f7cee elementor-invisible elementor-widget elementor-widget-heading\" data-id=\"63f7cee\" data-element_type=\"widget\" data-settings=\"{&quot;_animation&quot;:&quot;fadeInUp&quot;}\" data-widget_type=\"heading.default\">\n\t\t\t\t<div class=\"elementor-widget-container\">\n\t\t\t\t\t<h2 class=\"elementor-heading-title elementor-size-default\">Lancez votre entreprise. Trouvez vos premiers clients. Encaissez.<\/h2>\t\t\t\t<\/div>\n\t\t\t\t<\/div>\n\t\t\t\t<div class=\"elementor-element elementor-element-add9936 elementor-invisible elementor-widget elementor-widget-heading\" data-id=\"add9936\" data-element_type=\"widget\" data-settings=\"{&quot;_animation&quot;:&quot;fadeInUp&quot;}\" data-widget_type=\"heading.default\">\n\t\t\t\t<div class=\"elementor-widget-container\">\n\t\t\t\t\t<p class=\"elementor-heading-title elementor-size-default\">L\u2019offre qui transforme une id\u00e9e en chiffre d\u2019affaires.<br>\n90% des entrepreneurs cr\u00e9ent leur soci\u00e9t\u00e9\u2026 sans jamais r\u00e9ussir \u00e0 vendre.<br>\nIls passent des semaines sur :<br>\n- le statut<br>\n- le logo<br>\n- le site<br>\nMais aucun client.<br>\nChez My Pitch Academy, nous faisons l\u2019inverse.\nNous structurons votre entreprise pour vendre d\u00e8s le d\u00e9part.<\/p>\t\t\t\t<\/div>\n\t\t\t\t<\/div>\n\t\t\t\t\t<\/div>\n\t\t<\/div>\n\t\t\t\t\t<\/div>\n\t\t<\/section>\n\t\t\t\t\t<\/div>\n\t\t<\/div>\n\t\t\t\t\t<\/div>\n\t\t<\/section>\n\t\t\t\t<section class=\"elementor-section elementor-top-section elementor-element elementor-element-363134f elementor-section-content-middle elementor-section-boxed elementor-section-height-default elementor-section-height-default\" data-id=\"363134f\" data-element_type=\"section\" data-settings=\"{&quot;background_background&quot;:&quot;classic&quot;}\">\n\t\t\t\t\t\t<div class=\"elementor-container elementor-column-gap-default\">\n\t\t\t\t\t<div class=\"elementor-column elementor-col-100 elementor-top-column elementor-element elementor-element-65dc6fe\" data-id=\"65dc6fe\" data-element_type=\"column\">\n\t\t\t<div class=\"elementor-widget-wrap elementor-element-populated\">\n\t\t\t\t\t\t<section class=\"elementor-section elementor-inner-section elementor-element elementor-element-1ae399c elementor-section-boxed elementor-section-height-default elementor-section-height-default\" data-id=\"1ae399c\" data-element_type=\"section\">\n\t\t\t\t\t\t<div class=\"elementor-container elementor-column-gap-default\">\n\t\t\t\t\t<div class=\"elementor-column elementor-col-100 elementor-inner-column elementor-element elementor-element-15b6b52\" data-id=\"15b6b52\" data-element_type=\"column\">\n\t\t\t<div class=\"elementor-widget-wrap elementor-element-populated\">\n\t\t\t\t\t\t<div class=\"elementor-element elementor-element-a00e4b5 elementor-invisible elementor-widget elementor-widget-heading\" data-id=\"a00e4b5\" data-element_type=\"widget\" data-settings=\"{&quot;_animation&quot;:&quot;fadeInUp&quot;}\" data-widget_type=\"heading.default\">\n\t\t\t\t<div class=\"elementor-widget-container\">\n\t\t\t\t\t<h2 class=\"elementor-heading-title elementor-size-default\">Ce que vous obtenez concr\u00e8tement<\/h2>\t\t\t\t<\/div>\n\t\t\t\t<\/div>\n\t\t\t\t<div class=\"elementor-element elementor-element-c32ccce elementor-invisible elementor-widget elementor-widget-heading\" data-id=\"c32ccce\" data-element_type=\"widget\" data-settings=\"{&quot;_animation&quot;:&quot;fadeInUp&quot;}\" data-widget_type=\"heading.default\">\n\t\t\t\t<div class=\"elementor-widget-container\">\n\t\t\t\t\t<p class=\"elementor-heading-title elementor-size-default\">Une entreprise pr\u00eate.<br>\nUne offre claire.<br>\nUn syst\u00e8me de vente op\u00e9rationnel.<br>\nUn accompagnement jusqu\u2019\u00e0 votre premi\u00e8re vente.<br>\nVous n\u2019avez pas besoin :<br>\nd\u2019un \u00e9ni\u00e8me accompagnement th\u00e9orique<br>\nd\u2019un site \u201cjoli\u201d mais inutile<br>\nd\u2019un statut juridique sans clients derri\u00e8re<br>\nVous avez besoin de :<br>\ncomprendre quoi vendre\nsavoir \u00e0 qui le vendre\net surtout\u2026 r\u00e9ussir \u00e0 le vendre<br>\nC\u2019est exactement ce que nous construisons avec vous.<\/p>\t\t\t\t<\/div>\n\t\t\t\t<\/div>\n\t\t\t\t\t<\/div>\n\t\t<\/div>\n\t\t\t\t\t<\/div>\n\t\t<\/section>\n\t\t\t\t<section class=\"elementor-section elementor-inner-section elementor-element elementor-element-de59e37 elementor-section-content-middle elementor-section-boxed elementor-section-height-default elementor-section-height-default\" data-id=\"de59e37\" data-element_type=\"section\">\n\t\t\t\t\t\t<div class=\"elementor-container elementor-column-gap-default\">\n\t\t\t\t\t<div class=\"elementor-column elementor-col-50 elementor-inner-column elementor-element elementor-element-7b7da6c\" data-id=\"7b7da6c\" data-element_type=\"column\">\n\t\t\t<div class=\"elementor-widget-wrap elementor-element-populated\">\n\t\t\t\t\t\t<div class=\"elementor-element elementor-element-923f374 elementor-invisible elementor-widget elementor-widget-image\" data-id=\"923f374\" data-element_type=\"widget\" data-settings=\"{&quot;_animation&quot;:&quot;fadeInLeft&quot;}\" data-widget_type=\"image.default\">\n\t\t\t\t<div class=\"elementor-widget-container\">\n\t\t\t\t\t\t\t\t\t\t\t\t\t\t\t<img fetchpriority=\"high\" decoding=\"async\" width=\"1707\" height=\"2560\" src=\"https:\/\/mypitchacademy.com\/wp-content\/uploads\/2026\/03\/pexels-biasousa-2212955-scaled.jpg\" class=\"attachment-full size-full wp-image-781\" alt=\"\" srcset=\"https:\/\/mypitchacademy.com\/wp-content\/uploads\/2026\/03\/pexels-biasousa-2212955-scaled.jpg 1707w, https:\/\/mypitchacademy.com\/wp-content\/uploads\/2026\/03\/pexels-biasousa-2212955-200x300.jpg 200w, https:\/\/mypitchacademy.com\/wp-content\/uploads\/2026\/03\/pexels-biasousa-2212955-683x1024.jpg 683w, https:\/\/mypitchacademy.com\/wp-content\/uploads\/2026\/03\/pexels-biasousa-2212955-768x1152.jpg 768w, https:\/\/mypitchacademy.com\/wp-content\/uploads\/2026\/03\/pexels-biasousa-2212955-1024x1536.jpg 1024w, https:\/\/mypitchacademy.com\/wp-content\/uploads\/2026\/03\/pexels-biasousa-2212955-1365x2048.jpg 1365w\" sizes=\"(max-width: 1707px) 100vw, 1707px\" \/>\t\t\t\t\t\t\t\t\t\t\t\t\t\t\t<\/div>\n\t\t\t\t<\/div>\n\t\t\t\t\t<\/div>\n\t\t<\/div>\n\t\t\t\t<div class=\"elementor-column elementor-col-50 elementor-inner-column elementor-element elementor-element-4d8e3fd elementor-invisible\" data-id=\"4d8e3fd\" data-element_type=\"column\" data-settings=\"{&quot;animation&quot;:&quot;fadeInRight&quot;}\">\n\t\t\t<div class=\"elementor-widget-wrap elementor-element-populated\">\n\t\t\t\t\t\t<div class=\"elementor-element elementor-element-d7c16b9 elementor-invisible elementor-widget elementor-widget-heading\" data-id=\"d7c16b9\" data-element_type=\"widget\" data-settings=\"{&quot;_animation&quot;:&quot;fadeInUp&quot;}\" data-widget_type=\"heading.default\">\n\t\t\t\t<div class=\"elementor-widget-container\">\n\t\t\t\t\t<h2 class=\"elementor-heading-title elementor-size-default\">1 Votre entreprise, pr\u00eate \u00e0 fonctionner<\/h2>\t\t\t\t<\/div>\n\t\t\t\t<\/div>\n\t\t\t\t<div class=\"elementor-element elementor-element-d0aa735 elementor-invisible elementor-widget elementor-widget-heading\" data-id=\"d0aa735\" data-element_type=\"widget\" data-settings=\"{&quot;_animation&quot;:&quot;fadeInUp&quot;}\" data-widget_type=\"heading.default\">\n\t\t\t\t<div class=\"elementor-widget-container\">\n\t\t\t\t\t<p class=\"elementor-heading-title elementor-size-default\">\nNous prenons en charge toute la partie administrative et juridique :<br>\n- Cr\u00e9ation de votre structure (SASU, SAS, etc.)<br>\n- R\u00e9daction et d\u00e9p\u00f4t<br>\n- Formalit\u00e9s aupr\u00e8s de INPI<br>\n- Mise en conformit\u00e9<br><br>\nEn Option : d\u00e9p\u00f4t de marque (2 classes \u2013 300\u20ac)<br>\nVous d\u00e9marrez avec une base solide, sans perte de temps.<\/p>\t\t\t\t<\/div>\n\t\t\t\t<\/div>\n\t\t\t\t<div class=\"elementor-element elementor-element-a66daeb elementor-invisible elementor-widget elementor-widget-heading\" data-id=\"a66daeb\" data-element_type=\"widget\" data-settings=\"{&quot;_animation&quot;:&quot;fadeInUp&quot;}\" data-widget_type=\"heading.default\">\n\t\t\t\t<div class=\"elementor-widget-container\">\n\t\t\t\t\t<h2 class=\"elementor-heading-title elementor-size-default\">2 Une offre claire qui se vend<\/h2>\t\t\t\t<\/div>\n\t\t\t\t<\/div>\n\t\t\t\t<div class=\"elementor-element elementor-element-e23557d elementor-invisible elementor-widget elementor-widget-heading\" data-id=\"e23557d\" data-element_type=\"widget\" data-settings=\"{&quot;_animation&quot;:&quot;fadeInUp&quot;}\" data-widget_type=\"heading.default\">\n\t\t\t\t<div class=\"elementor-widget-container\">\n\t\t\t\t\t<p class=\"elementor-heading-title elementor-size-default\">Une entreprise sans offre claire ne vend pas.<br>\nNous travaillons avec vous sur :<br>\n- Votre positionnement<br>\n- Votre proposition de valeur<br>\n- Votre pricing<br><br>\nVotre strat\u00e9gie de commercialisation\nAvec un plan d\u2019action pr\u00e9cis sur 30, 60 et 90 jours.\nVous savez exactement quoi faire, et pourquoi.<\/p>\t\t\t\t<\/div>\n\t\t\t\t<\/div>\n\t\t\t\t<div class=\"elementor-element elementor-element-e4e0a90 elementor-invisible elementor-widget elementor-widget-heading\" data-id=\"e4e0a90\" data-element_type=\"widget\" data-settings=\"{&quot;_animation&quot;:&quot;fadeInUp&quot;}\" data-widget_type=\"heading.default\">\n\t\t\t\t<div class=\"elementor-widget-container\">\n\t\t\t\t\t<h2 class=\"elementor-heading-title elementor-size-default\">3 Votre machine \u00e0 vendre<\/h2>\t\t\t\t<\/div>\n\t\t\t\t<\/div>\n\t\t\t\t<div class=\"elementor-element elementor-element-c0fd429 elementor-invisible elementor-widget elementor-widget-heading\" data-id=\"c0fd429\" data-element_type=\"widget\" data-settings=\"{&quot;_animation&quot;:&quot;fadeInUp&quot;}\" data-widget_type=\"heading.default\">\n\t\t\t\t<div class=\"elementor-widget-container\">\n\t\t\t\t\t<p class=\"elementor-heading-title elementor-size-default\">Nous mettons en place un syst\u00e8me simple, mais efficace :<br>\n- Landing page optimis\u00e9e conversion<br>\n- Int\u00e9gration des paiements<br>\n- Tunnel de vente structur\u00e9<br><br>\nEt aussi :<br>\n1 heure de coaching avec un pionnier de LinkedIn pour apprendre \u00e0 trouver et convertir vos premiers clients.<br>\nM\u00eame sans audience. M\u00eame en partant de z\u00e9ro.<\/p>\t\t\t\t<\/div>\n\t\t\t\t<\/div>\n\t\t\t\t\t<\/div>\n\t\t<\/div>\n\t\t\t\t\t<\/div>\n\t\t<\/section>\n\t\t\t\t<section class=\"elementor-section elementor-inner-section elementor-element elementor-element-c609576 elementor-section-content-middle elementor-reverse-mobile elementor-section-boxed elementor-section-height-default elementor-section-height-default\" data-id=\"c609576\" data-element_type=\"section\">\n\t\t\t\t\t\t<div class=\"elementor-container elementor-column-gap-default\">\n\t\t\t\t\t<div class=\"elementor-column elementor-col-50 elementor-inner-column elementor-element elementor-element-6817dd4 elementor-invisible\" data-id=\"6817dd4\" data-element_type=\"column\" data-settings=\"{&quot;animation&quot;:&quot;fadeInLeft&quot;}\">\n\t\t\t<div class=\"elementor-widget-wrap elementor-element-populated\">\n\t\t\t\t\t\t<div class=\"elementor-element elementor-element-7fe15eb elementor-invisible elementor-widget elementor-widget-heading\" data-id=\"7fe15eb\" data-element_type=\"widget\" data-settings=\"{&quot;_animation&quot;:&quot;fadeInUp&quot;}\" data-widget_type=\"heading.default\">\n\t\t\t\t<div class=\"elementor-widget-container\">\n\t\t\t\t\t<h2 class=\"elementor-heading-title elementor-size-default\">4 Vous devenez capable de vendre<\/h2>\t\t\t\t<\/div>\n\t\t\t\t<\/div>\n\t\t\t\t<div class=\"elementor-element elementor-element-c3f787a elementor-invisible elementor-widget elementor-widget-heading\" data-id=\"c3f787a\" data-element_type=\"widget\" data-settings=\"{&quot;_animation&quot;:&quot;fadeInUp&quot;}\" data-widget_type=\"heading.default\">\n\t\t\t\t<div class=\"elementor-widget-container\">\n\t\t\t\t\t<p class=\"elementor-heading-title elementor-size-default\">Parce que sans comp\u00e9tence commerciale, rien ne fonctionne.<br>\nVous apprenez :<br>\n- Des m\u00e9thodes de vente concr\u00e8tes<BR>\n- \u00c0 g\u00e9rer les objections<br>\n- \u00c0 conduire un rendez-vous efficacement<br><br>\nAvec des simulations r\u00e9elles.<br>\n\nVous ne subissez plus la vente. Vous la ma\u00eetrisez.<\/p>\t\t\t\t<\/div>\n\t\t\t\t<\/div>\n\t\t\t\t<div class=\"elementor-element elementor-element-037cfc2 elementor-invisible elementor-widget elementor-widget-heading\" data-id=\"037cfc2\" data-element_type=\"widget\" data-settings=\"{&quot;_animation&quot;:&quot;fadeInUp&quot;}\" data-widget_type=\"heading.default\">\n\t\t\t\t<div class=\"elementor-widget-container\">\n\t\t\t\t\t<h2 class=\"elementor-heading-title elementor-size-default\">5 Jusqu\u2019\u00e0 votre premi\u00e8re vente<\/h2>\t\t\t\t<\/div>\n\t\t\t\t<\/div>\n\t\t\t\t<div class=\"elementor-element elementor-element-d6f1243 elementor-invisible elementor-widget elementor-widget-heading\" data-id=\"d6f1243\" data-element_type=\"widget\" data-settings=\"{&quot;_animation&quot;:&quot;fadeInUp&quot;}\" data-widget_type=\"heading.default\">\n\t\t\t\t<div class=\"elementor-widget-container\">\n\t\t\t\t\t<p class=\"elementor-heading-title elementor-size-default\">Nous ne vous laissons pas seul apr\u00e8s la mise en place.<br>\n- Suivi personnalis\u00e9<br>\n- Ajustements en temps r\u00e9el<br>\n- Coaching continu<br><br>\n\nNotre objectif n\u2019est pas que vous lanciez.<br>\nNotre objectif est que vous vendiez.<\/p>\t\t\t\t<\/div>\n\t\t\t\t<\/div>\n\t\t\t\t\t<\/div>\n\t\t<\/div>\n\t\t\t\t<div class=\"elementor-column elementor-col-50 elementor-inner-column elementor-element elementor-element-866e880 elementor-invisible\" data-id=\"866e880\" data-element_type=\"column\" data-settings=\"{&quot;animation&quot;:&quot;fadeInRight&quot;}\">\n\t\t\t<div class=\"elementor-widget-wrap elementor-element-populated\">\n\t\t\t\t\t\t<div class=\"elementor-element elementor-element-4b71981 elementor-widget elementor-widget-image\" data-id=\"4b71981\" data-element_type=\"widget\" data-widget_type=\"image.default\">\n\t\t\t\t<div class=\"elementor-widget-container\">\n\t\t\t\t\t\t\t\t\t\t\t\t\t\t\t<img decoding=\"async\" width=\"1920\" height=\"1920\" src=\"https:\/\/mypitchacademy.com\/wp-content\/uploads\/2026\/03\/fuseefv2.webp\" class=\"attachment-full size-full wp-image-773\" alt=\"\" srcset=\"https:\/\/mypitchacademy.com\/wp-content\/uploads\/2026\/03\/fuseefv2.webp 1920w, https:\/\/mypitchacademy.com\/wp-content\/uploads\/2026\/03\/fuseefv2-300x300.webp 300w, https:\/\/mypitchacademy.com\/wp-content\/uploads\/2026\/03\/fuseefv2-1024x1024.webp 1024w, https:\/\/mypitchacademy.com\/wp-content\/uploads\/2026\/03\/fuseefv2-150x150.webp 150w, https:\/\/mypitchacademy.com\/wp-content\/uploads\/2026\/03\/fuseefv2-768x768.webp 768w, https:\/\/mypitchacademy.com\/wp-content\/uploads\/2026\/03\/fuseefv2-1536x1536.webp 1536w, https:\/\/mypitchacademy.com\/wp-content\/uploads\/2026\/03\/fuseefv2-100x100.webp 100w, https:\/\/mypitchacademy.com\/wp-content\/uploads\/2026\/03\/fuseefv2-200x200.webp 200w, https:\/\/mypitchacademy.com\/wp-content\/uploads\/2026\/03\/fuseefv2-400x400.webp 400w, https:\/\/mypitchacademy.com\/wp-content\/uploads\/2026\/03\/fuseefv2-500x500.webp 500w\" sizes=\"(max-width: 1920px) 100vw, 1920px\" \/>\t\t\t\t\t\t\t\t\t\t\t\t\t\t\t<\/div>\n\t\t\t\t<\/div>\n\t\t\t\t\t<\/div>\n\t\t<\/div>\n\t\t\t\t\t<\/div>\n\t\t<\/section>\n\t\t\t\t<div class=\"elementor-element elementor-element-052a527 elementor-widget-divider--view-line elementor-widget elementor-widget-divider\" data-id=\"052a527\" data-element_type=\"widget\" data-widget_type=\"divider.default\">\n\t\t\t\t<div class=\"elementor-widget-container\">\n\t\t\t\t\t\t\t<div class=\"elementor-divider\">\n\t\t\t<span class=\"elementor-divider-separator\">\n\t\t\t\t\t\t<\/span>\n\t\t<\/div>\n\t\t\t\t\t\t<\/div>\n\t\t\t\t<\/div>\n\t\t\t\t<div class=\"elementor-element elementor-element-bd068fe elementor-invisible elementor-widget elementor-widget-heading\" data-id=\"bd068fe\" data-element_type=\"widget\" data-settings=\"{&quot;_animation&quot;:&quot;fadeInUp&quot;}\" data-widget_type=\"heading.default\">\n\t\t\t\t<div class=\"elementor-widget-container\">\n\t\t\t\t\t<h2 class=\"elementor-heading-title elementor-size-default\">R\u00e9sultat<\/h2>\t\t\t\t<\/div>\n\t\t\t\t<\/div>\n\t\t\t\t<div class=\"elementor-element elementor-element-8b4f028 elementor-invisible elementor-widget elementor-widget-heading\" data-id=\"8b4f028\" data-element_type=\"widget\" data-settings=\"{&quot;_animation&quot;:&quot;fadeInUp&quot;}\" data-widget_type=\"heading.default\">\n\t\t\t\t<div class=\"elementor-widget-container\">\n\t\t\t\t\t<p class=\"elementor-heading-title elementor-size-default\">Vous ne repartez pas avec <br>\n\n- une id\u00e9e<br>\n- un projet<br>\n- ou un \u201cplan\u201d<br><br>\n\nVous repartez avec :<br>\n- Une entreprise active<br>\n- Une offre structur\u00e9e<br>\n- Et vos premiers revenus<br><br><\/p>\t\t\t\t<\/div>\n\t\t\t\t<\/div>\n\t\t\t\t<div class=\"elementor-element elementor-element-7a711f2 elementor-widget-divider--view-line elementor-widget elementor-widget-divider\" data-id=\"7a711f2\" data-element_type=\"widget\" data-widget_type=\"divider.default\">\n\t\t\t\t<div class=\"elementor-widget-container\">\n\t\t\t\t\t\t\t<div class=\"elementor-divider\">\n\t\t\t<span class=\"elementor-divider-separator\">\n\t\t\t\t\t\t<\/span>\n\t\t<\/div>\n\t\t\t\t\t\t<\/div>\n\t\t\t\t<\/div>\n\t\t\t\t<div class=\"elementor-element elementor-element-7cfcddb elementor-invisible elementor-widget elementor-widget-heading\" data-id=\"7cfcddb\" data-element_type=\"widget\" data-settings=\"{&quot;_animation&quot;:&quot;fadeInUp&quot;}\" data-widget_type=\"heading.default\">\n\t\t\t\t<div class=\"elementor-widget-container\">\n\t\t\t\t\t<h2 class=\"elementor-heading-title elementor-size-default\">EN CE MOMENT 2499\u20ac aU LIEU DE 3499\u20ac<\/h2>\t\t\t\t<\/div>\n\t\t\t\t<\/div>\n\t\t\t\t<div class=\"elementor-element elementor-element-db56b16 elementor-align-center elementor-widget elementor-widget-button\" data-id=\"db56b16\" data-element_type=\"widget\" data-widget_type=\"button.default\">\n\t\t\t\t<div class=\"elementor-widget-container\">\n\t\t\t\t\t\t\t\t\t<div class=\"elementor-button-wrapper\">\n\t\t\t\t\t<a class=\"elementor-button elementor-button-link elementor-size-sm\" href=\"https:\/\/buy.stripe.com\/9B614n5jac09e4w7ObgjC09\">\n\t\t\t\t\t\t<span class=\"elementor-button-content-wrapper\">\n\t\t\t\t\t\t\t\t\t<span class=\"elementor-button-text\">CHOISIR CETTE OFFRE<\/span>\n\t\t\t\t\t<\/span>\n\t\t\t\t\t<\/a>\n\t\t\t\t<\/div>\n\t\t\t\t\t\t\t\t<\/div>\n\t\t\t\t<\/div>\n\t\t\t\t\t<\/div>\n\t\t<\/div>\n\t\t\t\t\t<\/div>\n\t\t<\/section>\n\t\t\t\t<section class=\"elementor-section elementor-top-section elementor-element elementor-element-fe3ca66 elementor-section-height-min-height elementor-section-content-middle elementor-section-boxed elementor-section-height-default elementor-section-items-middle\" data-id=\"fe3ca66\" data-element_type=\"section\" data-settings=\"{&quot;background_background&quot;:&quot;classic&quot;}\">\n\t\t\t\t\t\t\t<div class=\"elementor-background-overlay\"><\/div>\n\t\t\t\t\t\t\t<div class=\"elementor-container elementor-column-gap-default\">\n\t\t\t\t\t<div class=\"elementor-column elementor-col-100 elementor-top-column elementor-element elementor-element-3e52a0a\" data-id=\"3e52a0a\" data-element_type=\"column\">\n\t\t\t<div class=\"elementor-widget-wrap elementor-element-populated\">\n\t\t\t\t\t\t<section class=\"elementor-section elementor-inner-section elementor-element elementor-element-b5c0510 elementor-section-boxed elementor-section-height-default elementor-section-height-default\" data-id=\"b5c0510\" data-element_type=\"section\">\n\t\t\t\t\t\t<div class=\"elementor-container elementor-column-gap-no\">\n\t\t\t\t\t<div class=\"elementor-column elementor-col-100 elementor-inner-column elementor-element elementor-element-aa77c27\" data-id=\"aa77c27\" data-element_type=\"column\">\n\t\t\t<div class=\"elementor-widget-wrap elementor-element-populated\">\n\t\t\t\t\t\t<div class=\"elementor-element elementor-element-d5aa494 elementor-invisible elementor-widget elementor-widget-heading\" data-id=\"d5aa494\" data-element_type=\"widget\" data-settings=\"{&quot;_animation&quot;:&quot;fadeInUp&quot;}\" data-widget_type=\"heading.default\">\n\t\t\t\t<div class=\"elementor-widget-container\">\n\t\t\t\t\t<h2 class=\"elementor-heading-title elementor-size-default\">votre Espace Coworking metaverse sera bient\u00f4t disponible <\/h2>\t\t\t\t<\/div>\n\t\t\t\t<\/div>\n\t\t\t\t<div class=\"elementor-element elementor-element-3b88de6 elementor-align-center elementor-widget elementor-widget-button\" data-id=\"3b88de6\" data-element_type=\"widget\" data-widget_type=\"button.default\">\n\t\t\t\t<div class=\"elementor-widget-container\">\n\t\t\t\t\t\t\t\t\t<div class=\"elementor-button-wrapper\">\n\t\t\t\t\t<a class=\"elementor-button elementor-button-link elementor-size-md\" href=\"https:\/\/chat.whatsapp.com\/GEjVF5f9D4q2LXe6NpU6jW\">\n\t\t\t\t\t\t<span class=\"elementor-button-content-wrapper\">\n\t\t\t\t\t\t\t\t\t<span class=\"elementor-button-text\">INSCRIPTION AU GROUPE WHATSAPP <\/span>\n\t\t\t\t\t<\/span>\n\t\t\t\t\t<\/a>\n\t\t\t\t<\/div>\n\t\t\t\t\t\t\t\t<\/div>\n\t\t\t\t<\/div>\n\t\t\t\t\t<\/div>\n\t\t<\/div>\n\t\t\t\t\t<\/div>\n\t\t<\/section>\n\t\t\t\t\t<\/div>\n\t\t<\/div>\n\t\t\t\t\t<\/div>\n\t\t<\/section>\n\t\t\t\t<\/div>\n\t\t","protected":false},"excerpt":{"rendered":"<p>Lancez votre entreprise. Trouvez vos premiers clients. Encaissez. L\u2019offre qui transforme une id\u00e9e en chiffre d\u2019affaires. 90% des entrepreneurs cr\u00e9ent leur soci\u00e9t\u00e9\u2026 sans jamais r\u00e9ussir \u00e0 vendre. Ils passent des semaines sur : &#8211; le statut &#8211; le logo &#8211; le site Mais aucun client. Chez My Pitch Academy, nous faisons l\u2019inverse. Nous structurons votre [&hellip;]<\/p>\n","protected":false},"author":1,"featured_media":0,"parent":0,"menu_order":0,"comment_status":"closed","ping_status":"closed","template":"elementor_header_footer","meta":{"_eb_attr":"","_monsterinsights_skip_tracking":false,"_monsterinsights_sitenote_active":false,"_monsterinsights_sitenote_note":"","_monsterinsights_sitenote_category":0,"_uf_show_specific_survey":0,"_uf_disable_surveys":false,"footnotes":""},"class_list":["post-686","page","type-page","status-publish","hentry"],"aioseo_notices":[],"_links":{"self":[{"href":"https:\/\/mypitchacademy.com\/index.php\/wp-json\/wp\/v2\/pages\/686","targetHints":{"allow":["GET"]}}],"collection":[{"href":"https:\/\/mypitchacademy.com\/index.php\/wp-json\/wp\/v2\/pages"}],"about":[{"href":"https:\/\/mypitchacademy.com\/index.php\/wp-json\/wp\/v2\/types\/page"}],"author":[{"embeddable":true,"href":"https:\/\/mypitchacademy.com\/index.php\/wp-json\/wp\/v2\/users\/1"}],"replies":[{"embeddable":true,"href":"https:\/\/mypitchacademy.com\/index.php\/wp-json\/wp\/v2\/comments?post=686"}],"version-history":[{"count":42,"href":"https:\/\/mypitchacademy.com\/index.php\/wp-json\/wp\/v2\/pages\/686\/revisions"}],"predecessor-version":[{"id":885,"href":"https:\/\/mypitchacademy.com\/index.php\/wp-json\/wp\/v2\/pages\/686\/revisions\/885"}],"wp:attachment":[{"href":"https:\/\/mypitchacademy.com\/index.php\/wp-json\/wp\/v2\/media?parent=686"}],"curies":[{"name":"wp","href":"https:\/\/api.w.org\/{rel}","templated":true}]}}