{"id":786,"date":"2026-03-10T20:32:15","date_gmt":"2026-03-10T19:32:15","guid":{"rendered":"https:\/\/mypitchacademy.com\/?page_id=786"},"modified":"2026-04-15T00:07:25","modified_gmt":"2026-04-14T22:07:25","slug":"ton-pitch-deck","status":"publish","type":"page","link":"https:\/\/mypitchacademy.com\/index.php\/ton-pitch-deck\/","title":{"rendered":"Ton Pitch Deck"},"content":{"rendered":"\t\t<div data-elementor-type=\"wp-page\" data-elementor-id=\"786\" class=\"elementor elementor-786\">\n\t\t\t\t\t\t<section class=\"elementor-section elementor-top-section elementor-element elementor-element-3ad1ae1 elementor-section-height-min-height elementor-section-boxed elementor-section-height-default elementor-section-items-middle\" data-id=\"3ad1ae1\" data-element_type=\"section\" data-settings=\"{&quot;background_background&quot;:&quot;classic&quot;}\">\n\t\t\t\t\t\t\t<div class=\"elementor-background-overlay\"><\/div>\n\t\t\t\t\t\t\t<div class=\"elementor-container elementor-column-gap-default\">\n\t\t\t\t\t<div class=\"elementor-column elementor-col-100 elementor-top-column elementor-element elementor-element-f3d8774\" data-id=\"f3d8774\" data-element_type=\"column\">\n\t\t\t<div class=\"elementor-widget-wrap elementor-element-populated\">\n\t\t\t\t\t\t<section class=\"elementor-section elementor-inner-section elementor-element elementor-element-9102494 elementor-section-boxed elementor-section-height-default elementor-section-height-default\" data-id=\"9102494\" data-element_type=\"section\">\n\t\t\t\t\t\t<div class=\"elementor-container elementor-column-gap-default\">\n\t\t\t\t\t<div class=\"elementor-column elementor-col-100 elementor-inner-column elementor-element elementor-element-de3469f\" data-id=\"de3469f\" data-element_type=\"column\">\n\t\t\t<div class=\"elementor-widget-wrap elementor-element-populated\">\n\t\t\t\t\t\t<div class=\"elementor-element elementor-element-63f7cee elementor-invisible elementor-widget elementor-widget-heading\" data-id=\"63f7cee\" data-element_type=\"widget\" data-settings=\"{&quot;_animation&quot;:&quot;fadeInUp&quot;}\" data-widget_type=\"heading.default\">\n\t\t\t\t<div class=\"elementor-widget-container\">\n\t\t\t\t\t<h2 class=\"elementor-heading-title elementor-size-default\">pitch deck cl\u00e9 en main<\/h2>\t\t\t\t<\/div>\n\t\t\t\t<\/div>\n\t\t\t\t<div class=\"elementor-element elementor-element-add9936 elementor-invisible elementor-widget elementor-widget-heading\" data-id=\"add9936\" data-element_type=\"widget\" data-settings=\"{&quot;_animation&quot;:&quot;fadeInUp&quot;}\" data-widget_type=\"heading.default\">\n\t\t\t\t<div class=\"elementor-widget-container\">\n\t\t\t\t\t<p class=\"elementor-heading-title elementor-size-default\">Un bon pitch deck ne se limite pas \u00e0 une pr\u00e9sentation esth\u00e9tique.<br>C\u2019est un outil strat\u00e9gique con\u00e7u pour convaincre des investisseurs, structurer votre vision et d\u00e9montrer la viabilit\u00e9 de votre projet.<\/p>\t\t\t\t<\/div>\n\t\t\t\t<\/div>\n\t\t\t\t\t<\/div>\n\t\t<\/div>\n\t\t\t\t\t<\/div>\n\t\t<\/section>\n\t\t\t\t\t<\/div>\n\t\t<\/div>\n\t\t\t\t\t<\/div>\n\t\t<\/section>\n\t\t\t\t<section class=\"elementor-section elementor-top-section elementor-element elementor-element-363134f elementor-section-content-middle elementor-section-boxed elementor-section-height-default elementor-section-height-default\" data-id=\"363134f\" data-element_type=\"section\" data-settings=\"{&quot;background_background&quot;:&quot;classic&quot;}\">\n\t\t\t\t\t\t<div class=\"elementor-container elementor-column-gap-default\">\n\t\t\t\t\t<div class=\"elementor-column elementor-col-100 elementor-top-column elementor-element elementor-element-65dc6fe\" data-id=\"65dc6fe\" data-element_type=\"column\">\n\t\t\t<div class=\"elementor-widget-wrap elementor-element-populated\">\n\t\t\t\t\t\t<section class=\"elementor-section elementor-inner-section elementor-element elementor-element-1ae399c elementor-section-boxed elementor-section-height-default elementor-section-height-default\" data-id=\"1ae399c\" data-element_type=\"section\">\n\t\t\t\t\t\t<div class=\"elementor-container elementor-column-gap-default\">\n\t\t\t\t\t<div class=\"elementor-column elementor-col-100 elementor-inner-column elementor-element elementor-element-15b6b52\" data-id=\"15b6b52\" data-element_type=\"column\">\n\t\t\t<div class=\"elementor-widget-wrap elementor-element-populated\">\n\t\t\t\t\t\t<div class=\"elementor-element elementor-element-a00e4b5 elementor-invisible elementor-widget elementor-widget-heading\" data-id=\"a00e4b5\" data-element_type=\"widget\" data-settings=\"{&quot;_animation&quot;:&quot;fadeInUp&quot;}\" data-widget_type=\"heading.default\">\n\t\t\t\t<div class=\"elementor-widget-container\">\n\t\t\t\t\t<h2 class=\"elementor-heading-title elementor-size-default\">Notre Mission<\/h2>\t\t\t\t<\/div>\n\t\t\t\t<\/div>\n\t\t\t\t<div class=\"elementor-element elementor-element-c32ccce elementor-invisible elementor-widget elementor-widget-heading\" data-id=\"c32ccce\" data-element_type=\"widget\" data-settings=\"{&quot;_animation&quot;:&quot;fadeInUp&quot;}\" data-widget_type=\"heading.default\">\n\t\t\t\t<div class=\"elementor-widget-container\">\n\t\t\t\t\t<p class=\"elementor-heading-title elementor-size-default\">En un mois maximum, nous vous accompagnons dans la conception d\u2019un pitch deck structur\u00e9 et pr\u00eat \u00e0 \u00eatre pr\u00e9sent\u00e9 \u00e0 des investisseurs.\nUn cadre clair, un storytelling solide et une pr\u00e9sentation strat\u00e9gique pour transformer votre projet en un pitch convaincant, con\u00e7u pour capter l\u2019attention et ouvrir des discussions de financement.<\/p>\t\t\t\t<\/div>\n\t\t\t\t<\/div>\n\t\t\t\t\t<\/div>\n\t\t<\/div>\n\t\t\t\t\t<\/div>\n\t\t<\/section>\n\t\t\t\t<section class=\"elementor-section elementor-inner-section elementor-element elementor-element-de59e37 elementor-section-content-middle elementor-section-boxed elementor-section-height-default elementor-section-height-default\" data-id=\"de59e37\" data-element_type=\"section\">\n\t\t\t\t\t\t<div class=\"elementor-container elementor-column-gap-default\">\n\t\t\t\t\t<div class=\"elementor-column elementor-col-50 elementor-inner-column elementor-element elementor-element-7b7da6c\" data-id=\"7b7da6c\" data-element_type=\"column\">\n\t\t\t<div class=\"elementor-widget-wrap elementor-element-populated\">\n\t\t\t\t\t\t<div class=\"elementor-element elementor-element-923f374 elementor-invisible elementor-widget elementor-widget-image\" data-id=\"923f374\" data-element_type=\"widget\" data-settings=\"{&quot;_animation&quot;:&quot;fadeInLeft&quot;}\" data-widget_type=\"image.default\">\n\t\t\t\t<div class=\"elementor-widget-container\">\n\t\t\t\t\t\t\t\t\t\t\t\t\t\t\t<img fetchpriority=\"high\" decoding=\"async\" width=\"1920\" height=\"1536\" src=\"https:\/\/mypitchacademy.com\/wp-content\/uploads\/2026\/03\/analyse.webp\" class=\"attachment-full size-full wp-image-793\" alt=\"\" srcset=\"https:\/\/mypitchacademy.com\/wp-content\/uploads\/2026\/03\/analyse.webp 1920w, https:\/\/mypitchacademy.com\/wp-content\/uploads\/2026\/03\/analyse-300x240.webp 300w, https:\/\/mypitchacademy.com\/wp-content\/uploads\/2026\/03\/analyse-1024x819.webp 1024w, https:\/\/mypitchacademy.com\/wp-content\/uploads\/2026\/03\/analyse-768x614.webp 768w, https:\/\/mypitchacademy.com\/wp-content\/uploads\/2026\/03\/analyse-1536x1229.webp 1536w\" sizes=\"(max-width: 1920px) 100vw, 1920px\" \/>\t\t\t\t\t\t\t\t\t\t\t\t\t\t\t<\/div>\n\t\t\t\t<\/div>\n\t\t\t\t\t<\/div>\n\t\t<\/div>\n\t\t\t\t<div class=\"elementor-column elementor-col-50 elementor-inner-column elementor-element elementor-element-4d8e3fd elementor-invisible\" data-id=\"4d8e3fd\" data-element_type=\"column\" data-settings=\"{&quot;animation&quot;:&quot;fadeInRight&quot;}\">\n\t\t\t<div class=\"elementor-widget-wrap elementor-element-populated\">\n\t\t\t\t\t\t<div class=\"elementor-element elementor-element-a66daeb elementor-invisible elementor-widget elementor-widget-heading\" data-id=\"a66daeb\" data-element_type=\"widget\" data-settings=\"{&quot;_animation&quot;:&quot;fadeInUp&quot;}\" data-widget_type=\"heading.default\">\n\t\t\t\t<div class=\"elementor-widget-container\">\n\t\t\t\t\t<h2 class=\"elementor-heading-title elementor-size-default\">des Objectifs clairs <\/h2>\t\t\t\t<\/div>\n\t\t\t\t<\/div>\n\t\t\t\t<div class=\"elementor-element elementor-element-d0aa735 elementor-invisible elementor-widget elementor-widget-heading\" data-id=\"d0aa735\" data-element_type=\"widget\" data-settings=\"{&quot;_animation&quot;:&quot;fadeInUp&quot;}\" data-widget_type=\"heading.default\">\n\t\t\t\t<div class=\"elementor-widget-container\">\n\t\t\t\t\t<p class=\"elementor-heading-title elementor-size-default\">- Une analyse approfondie de vos donn\u00e9es actuelles et de votre projet (march\u00e9, mod\u00e8le \u00e9conomique, traction, vision).<br>- L\u2019optimisation et la structuration des informations cl\u00e9s afin de construire un storytelling clair et convaincant.<br>- La cr\u00e9ation compl\u00e8te de votre pitch deck selon les standards attendus par les investisseurs.<br>- Un coaching d\u00e9di\u00e9 pour pr\u00e9parer votre pr\u00e9sentation et pitcher efficacement devant des investisseurs<br><br>Une approche structur\u00e9e et orient\u00e9e r\u00e9sultat pour transformer votre projet en un pitch clair, cr\u00e9dible et pr\u00eat \u00e0 convaincre.<\/p>\t\t\t\t<\/div>\n\t\t\t\t<\/div>\n\t\t\t\t\t<\/div>\n\t\t<\/div>\n\t\t\t\t\t<\/div>\n\t\t<\/section>\n\t\t\t\t<section class=\"elementor-section elementor-inner-section elementor-element elementor-element-c609576 elementor-section-content-middle elementor-reverse-mobile elementor-section-boxed elementor-section-height-default elementor-section-height-default\" data-id=\"c609576\" data-element_type=\"section\">\n\t\t\t\t\t\t<div class=\"elementor-container elementor-column-gap-default\">\n\t\t\t\t\t<div class=\"elementor-column elementor-col-50 elementor-inner-column elementor-element elementor-element-6817dd4 elementor-invisible\" data-id=\"6817dd4\" data-element_type=\"column\" data-settings=\"{&quot;animation&quot;:&quot;fadeInLeft&quot;}\">\n\t\t\t<div class=\"elementor-widget-wrap elementor-element-populated\">\n\t\t\t\t\t\t<div class=\"elementor-element elementor-element-7fe15eb elementor-invisible elementor-widget elementor-widget-heading\" data-id=\"7fe15eb\" data-element_type=\"widget\" data-settings=\"{&quot;_animation&quot;:&quot;fadeInUp&quot;}\" data-widget_type=\"heading.default\">\n\t\t\t\t<div class=\"elementor-widget-container\">\n\t\t\t\t\t<h2 class=\"elementor-heading-title elementor-size-default\">1 mois - 4 etapes<\/h2>\t\t\t\t<\/div>\n\t\t\t\t<\/div>\n\t\t\t\t<div class=\"elementor-element elementor-element-c3f787a elementor-invisible elementor-widget elementor-widget-heading\" data-id=\"c3f787a\" data-element_type=\"widget\" data-settings=\"{&quot;_animation&quot;:&quot;fadeInUp&quot;}\" data-widget_type=\"heading.default\">\n\t\t\t\t<div class=\"elementor-widget-container\">\n\t\t\t\t\t<p class=\"elementor-heading-title elementor-size-default\">Sur un mois, l\u2019accompagnement s\u2019organise en quatre \u00e9tapes claires et structur\u00e9es.<br><br>Nous commen\u00e7ons par une analyse approfondie de vos donn\u00e9es actuelles : projet, march\u00e9, mod\u00e8le \u00e9conomique, traction et vision. Cette premi\u00e8re \u00e9tape permet d\u2019identifier les informations cl\u00e9s \u00e0 valoriser pour construire un discours cr\u00e9dible et pertinent aupr\u00e8s des investisseurs.<br><br>Nous proc\u00e9dons ensuite \u00e0 l\u2019optimisation et \u00e0 la structuration de ces \u00e9l\u00e9ments afin de construire un storytelling clair, logique et convaincant, align\u00e9 avec les attentes des fonds d\u2019investissement et des business angels.<br><br>Nous r\u00e9alisons ensuite la cr\u00e9ation compl\u00e8te de votre pitch deck, structur\u00e9 selon les standards utilis\u00e9s lors des lev\u00e9es de fonds : probl\u00e8me, solution, march\u00e9, mod\u00e8le \u00e9conomique, traction, strat\u00e9gie de croissance et projections.<br><br>Enfin, nous vous accompagnons dans la pr\u00e9paration de votre pr\u00e9sentation avec un coaching d\u00e9di\u00e9 afin de vous entra\u00eener \u00e0 pitcher efficacement devant des investisseurs et maximiser l\u2019impact de votre pr\u00e9sentation.\n<\/p>\t\t\t\t<\/div>\n\t\t\t\t<\/div>\n\t\t\t\t\t<\/div>\n\t\t<\/div>\n\t\t\t\t<div class=\"elementor-column elementor-col-50 elementor-inner-column elementor-element elementor-element-866e880 elementor-invisible\" data-id=\"866e880\" data-element_type=\"column\" data-settings=\"{&quot;animation&quot;:&quot;fadeInRight&quot;}\">\n\t\t\t<div class=\"elementor-widget-wrap elementor-element-populated\">\n\t\t\t\t\t\t<div class=\"elementor-element elementor-element-4b71981 elementor-widget elementor-widget-image\" data-id=\"4b71981\" data-element_type=\"widget\" data-widget_type=\"image.default\">\n\t\t\t\t<div class=\"elementor-widget-container\">\n\t\t\t\t\t\t\t\t\t\t\t\t\t\t\t<img decoding=\"async\" width=\"1920\" height=\"1536\" src=\"https:\/\/mypitchacademy.com\/wp-content\/uploads\/2026\/03\/pitch.webp\" class=\"attachment-full size-full wp-image-800\" alt=\"\" srcset=\"https:\/\/mypitchacademy.com\/wp-content\/uploads\/2026\/03\/pitch.webp 1920w, https:\/\/mypitchacademy.com\/wp-content\/uploads\/2026\/03\/pitch-300x240.webp 300w, https:\/\/mypitchacademy.com\/wp-content\/uploads\/2026\/03\/pitch-1024x819.webp 1024w, https:\/\/mypitchacademy.com\/wp-content\/uploads\/2026\/03\/pitch-768x614.webp 768w, https:\/\/mypitchacademy.com\/wp-content\/uploads\/2026\/03\/pitch-1536x1229.webp 1536w\" sizes=\"(max-width: 1920px) 100vw, 1920px\" \/>\t\t\t\t\t\t\t\t\t\t\t\t\t\t\t<\/div>\n\t\t\t\t<\/div>\n\t\t\t\t\t<\/div>\n\t\t<\/div>\n\t\t\t\t\t<\/div>\n\t\t<\/section>\n\t\t\t\t<div class=\"elementor-element elementor-element-052a527 elementor-widget-divider--view-line elementor-widget elementor-widget-divider\" data-id=\"052a527\" data-element_type=\"widget\" data-widget_type=\"divider.default\">\n\t\t\t\t<div class=\"elementor-widget-container\">\n\t\t\t\t\t\t\t<div class=\"elementor-divider\">\n\t\t\t<span class=\"elementor-divider-separator\">\n\t\t\t\t\t\t<\/span>\n\t\t<\/div>\n\t\t\t\t\t\t<\/div>\n\t\t\t\t<\/div>\n\t\t\t\t<div class=\"elementor-element elementor-element-7cfcddb elementor-invisible elementor-widget elementor-widget-heading\" data-id=\"7cfcddb\" data-element_type=\"widget\" data-settings=\"{&quot;_animation&quot;:&quot;fadeInUp&quot;}\" data-widget_type=\"heading.default\">\n\t\t\t\t<div class=\"elementor-widget-container\">\n\t\t\t\t\t<h2 class=\"elementor-heading-title elementor-size-default\">EN CE MOMENT 1490\u20ac aU LIEU DE 1999\u20ac<\/h2>\t\t\t\t<\/div>\n\t\t\t\t<\/div>\n\t\t\t\t<div class=\"elementor-element elementor-element-db56b16 elementor-align-center elementor-widget elementor-widget-button\" data-id=\"db56b16\" data-element_type=\"widget\" data-widget_type=\"button.default\">\n\t\t\t\t<div class=\"elementor-widget-container\">\n\t\t\t\t\t\t\t\t\t<div class=\"elementor-button-wrapper\">\n\t\t\t\t\t<a class=\"elementor-button elementor-button-link elementor-size-sm\" href=\"https:\/\/buy.stripe.com\/eVqaEXbHy0hrd0s1pNgjC02\" target=\"_blank\">\n\t\t\t\t\t\t<span class=\"elementor-button-content-wrapper\">\n\t\t\t\t\t\t\t\t\t<span class=\"elementor-button-text\">CHOISIR CETTE OFFRE<\/span>\n\t\t\t\t\t<\/span>\n\t\t\t\t\t<\/a>\n\t\t\t\t<\/div>\n\t\t\t\t\t\t\t\t<\/div>\n\t\t\t\t<\/div>\n\t\t\t\t\t<\/div>\n\t\t<\/div>\n\t\t\t\t\t<\/div>\n\t\t<\/section>\n\t\t\t\t<section class=\"elementor-section elementor-top-section elementor-element elementor-element-fe3ca66 elementor-section-height-min-height elementor-section-content-middle elementor-section-boxed elementor-section-height-default elementor-section-items-middle\" data-id=\"fe3ca66\" data-element_type=\"section\" data-settings=\"{&quot;background_background&quot;:&quot;classic&quot;}\">\n\t\t\t\t\t\t\t<div class=\"elementor-background-overlay\"><\/div>\n\t\t\t\t\t\t\t<div class=\"elementor-container elementor-column-gap-default\">\n\t\t\t\t\t<div class=\"elementor-column elementor-col-100 elementor-top-column elementor-element elementor-element-3e52a0a\" data-id=\"3e52a0a\" data-element_type=\"column\">\n\t\t\t<div class=\"elementor-widget-wrap elementor-element-populated\">\n\t\t\t\t\t\t<section class=\"elementor-section elementor-inner-section elementor-element elementor-element-b5c0510 elementor-section-boxed elementor-section-height-default elementor-section-height-default\" data-id=\"b5c0510\" data-element_type=\"section\">\n\t\t\t\t\t\t<div class=\"elementor-container elementor-column-gap-no\">\n\t\t\t\t\t<div class=\"elementor-column elementor-col-100 elementor-inner-column elementor-element elementor-element-aa77c27\" data-id=\"aa77c27\" data-element_type=\"column\">\n\t\t\t<div class=\"elementor-widget-wrap elementor-element-populated\">\n\t\t\t\t\t\t<div class=\"elementor-element elementor-element-d5aa494 elementor-invisible elementor-widget elementor-widget-heading\" data-id=\"d5aa494\" data-element_type=\"widget\" data-settings=\"{&quot;_animation&quot;:&quot;fadeInUp&quot;}\" data-widget_type=\"heading.default\">\n\t\t\t\t<div class=\"elementor-widget-container\">\n\t\t\t\t\t<h2 class=\"elementor-heading-title elementor-size-default\">votre Espace Coworking metaverse sera bient\u00f4t disponible <\/h2>\t\t\t\t<\/div>\n\t\t\t\t<\/div>\n\t\t\t\t<div class=\"elementor-element elementor-element-3b88de6 elementor-align-center elementor-widget elementor-widget-button\" data-id=\"3b88de6\" data-element_type=\"widget\" data-widget_type=\"button.default\">\n\t\t\t\t<div class=\"elementor-widget-container\">\n\t\t\t\t\t\t\t\t\t<div class=\"elementor-button-wrapper\">\n\t\t\t\t\t<a class=\"elementor-button elementor-button-link elementor-size-md\" href=\"https:\/\/chat.whatsapp.com\/GEjVF5f9D4q2LXe6NpU6jW\">\n\t\t\t\t\t\t<span class=\"elementor-button-content-wrapper\">\n\t\t\t\t\t\t\t\t\t<span class=\"elementor-button-text\">INSCRIPTION AU GROUPE WHATSAPP <\/span>\n\t\t\t\t\t<\/span>\n\t\t\t\t\t<\/a>\n\t\t\t\t<\/div>\n\t\t\t\t\t\t\t\t<\/div>\n\t\t\t\t<\/div>\n\t\t\t\t\t<\/div>\n\t\t<\/div>\n\t\t\t\t\t<\/div>\n\t\t<\/section>\n\t\t\t\t\t<\/div>\n\t\t<\/div>\n\t\t\t\t\t<\/div>\n\t\t<\/section>\n\t\t<div class=\"elementor-element elementor-element-d5a18f0 e-flex e-con-boxed e-con e-parent\" data-id=\"d5a18f0\" data-element_type=\"container\">\n\t\t\t\t\t<div class=\"e-con-inner\">\n\t\t\t\t\t<\/div>\n\t\t\t\t<\/div>\n\t\t\t\t<\/div>\n\t\t","protected":false},"excerpt":{"rendered":"<p>pitch deck cl\u00e9 en main Un bon pitch deck ne se limite pas \u00e0 une pr\u00e9sentation esth\u00e9tique.C\u2019est un outil strat\u00e9gique con\u00e7u pour convaincre des investisseurs, structurer votre vision et d\u00e9montrer la viabilit\u00e9 de votre projet. Notre Mission En un mois maximum, nous vous accompagnons dans la conception d\u2019un pitch deck structur\u00e9 et pr\u00eat \u00e0 \u00eatre [&hellip;]<\/p>\n","protected":false},"author":1,"featured_media":0,"parent":0,"menu_order":0,"comment_status":"closed","ping_status":"closed","template":"elementor_header_footer","meta":{"_eb_attr":"","_monsterinsights_skip_tracking":false,"_monsterinsights_sitenote_active":false,"_monsterinsights_sitenote_note":"","_monsterinsights_sitenote_category":0,"_uf_show_specific_survey":0,"_uf_disable_surveys":false,"footnotes":""},"class_list":["post-786","page","type-page","status-publish","hentry"],"aioseo_notices":[],"_links":{"self":[{"href":"https:\/\/mypitchacademy.com\/index.php\/wp-json\/wp\/v2\/pages\/786","targetHints":{"allow":["GET"]}}],"collection":[{"href":"https:\/\/mypitchacademy.com\/index.php\/wp-json\/wp\/v2\/pages"}],"about":[{"href":"https:\/\/mypitchacademy.com\/index.php\/wp-json\/wp\/v2\/types\/page"}],"author":[{"embeddable":true,"href":"https:\/\/mypitchacademy.com\/index.php\/wp-json\/wp\/v2\/users\/1"}],"replies":[{"embeddable":true,"href":"https:\/\/mypitchacademy.com\/index.php\/wp-json\/wp\/v2\/comments?post=786"}],"version-history":[{"count":21,"href":"https:\/\/mypitchacademy.com\/index.php\/wp-json\/wp\/v2\/pages\/786\/revisions"}],"predecessor-version":[{"id":884,"href":"https:\/\/mypitchacademy.com\/index.php\/wp-json\/wp\/v2\/pages\/786\/revisions\/884"}],"wp:attachment":[{"href":"https:\/\/mypitchacademy.com\/index.php\/wp-json\/wp\/v2\/media?parent=786"}],"curies":[{"name":"wp","href":"https:\/\/api.w.org\/{rel}","templated":true}]}}